{"id":159,"date":"2018-06-22T17:12:21","date_gmt":"2018-06-22T15:12:21","guid":{"rendered":"http:\/\/h2789733.stratoserver.net\/wordpress\/?page_id=159"},"modified":"2019-10-23T11:53:52","modified_gmt":"2019-10-23T11:53:52","slug":"about","status":"publish","type":"page","link":"http:\/\/die-linde.net\/","title":{"rendered":"about"},"content":{"rendered":"<p class=\"aboutText\">Seit 2 Generationen hat sich unsere Familie zur Aufgabe gemacht, G\u00e4ste aus nah und fern kulinarisch zu verw\u00f6hnen. In dieser Zeit hat sich die goldgelbe, knusprige Bratkartoffel als unsere Spezialit\u00e4t hervorgehoben.<\/p>\n<p class=\"aboutText\">Wie Alfred Biolek schon sagte: \u201eVom Einfachsten das Beste.\u201c<\/p>\n<p class=\"aboutText\">Wir servieren unsere Bratkartoffelvariationen traditionell im Pf\u00e4nnchen &#8211; liebevoll erg\u00e4nzt mit hausgemachtem Kochk\u00e4se, Blut- und Leberwurst, Italienisch mit Kapern und Mozzarella und vielem mehr. Da bleiben keine W\u00fcnsche offen.<\/p>\n<p class=\"aboutText\">Bei der Auswahl unserer Gerichte, legen wir hohen Wert auf die Qualit\u00e4t der verwendeten Lebensmittel.<br \/>\nDas, sowie unsere gute K\u00fcche, stets freundliches und aufmerksames Personal und nicht zuletzt unser gem\u00fctliches Ambiente, tragen zu einem entspannten, genussvollen Aufenthalt in der Linde bei.<\/p>\n","protected":false},"excerpt":{"rendered":"<p>Seit 2 Generationen hat sich unsere Familie zur Aufgabe gemacht, G\u00e4ste aus nah und fern kulinarisch zu verw\u00f6hnen. In dieser Zeit hat sich die goldgelbe, knusprige Bratkartoffel als unsere Spezialit\u00e4t &#8230;<\/p>\n","protected":false},"author":1,"featured_media":0,"parent":0,"menu_order":0,"comment_status":"closed","ping_status":"closed","template":"template-frontpage.php","meta":[],"_links":{"self":[{"href":"http:\/\/die-linde.net\/index.php?rest_route=\/wp\/v2\/pages\/159"}],"collection":[{"href":"http:\/\/die-linde.net\/index.php?rest_route=\/wp\/v2\/pages"}],"about":[{"href":"http:\/\/die-linde.net\/index.php?rest_route=\/wp\/v2\/types\/page"}],"author":[{"embeddable":true,"href":"http:\/\/die-linde.net\/index.php?rest_route=\/wp\/v2\/users\/1"}],"replies":[{"embeddable":true,"href":"http:\/\/die-linde.net\/index.php?rest_route=%2Fwp%2Fv2%2Fcomments&post=159"}],"version-history":[{"count":1,"href":"http:\/\/die-linde.net\/index.php?rest_route=\/wp\/v2\/pages\/159\/revisions"}],"predecessor-version":[{"id":791,"href":"http:\/\/die-linde.net\/index.php?rest_route=\/wp\/v2\/pages\/159\/revisions\/791"}],"wp:attachment":[{"href":"http:\/\/die-linde.net\/index.php?rest_route=%2Fwp%2Fv2%2Fmedia&parent=159"}],"curies":[{"name":"wp","href":"https:\/\/api.w.org\/{rel}","templated":true}]}}